{"id":87719,"date":"2025-08-10T12:55:14","date_gmt":"2025-08-10T11:55:14","guid":{"rendered":"https:\/\/www.i24.nl\/nl\/?page_id=87719"},"modified":"2025-08-10T13:03:27","modified_gmt":"2025-08-10T12:03:27","slug":"87719-2","status":"publish","type":"page","link":"https:\/\/www.i24.nl\/nl\/87719-2\/","title":{"rendered":"Nice-klasse-indeling"},"content":{"rendered":"\n<p>De Nice-klasse-indeling beschrijft de termen van de goederen en diensten in elk van de 34 goederenklassen en 11 dienstenklassen.<\/p>\n\n\n\n<figure class=\"wp-block-table alignleft\"><table><tbody><tr><td><a href=\"https:\/\/euipo.europa.eu\/ec2\/static\/html\/explanatory-notes-nl.html?anchor=niceclass1\">1<\/a><\/td><td>Chemische producten voor industri\u00eble, wetenschappelijke en fotografische doeleinden, alsmede voor land-, tuin- en bosbouwkundige doeleinden; Kunstharsen als grondstof, plastics als grondstof; Brandblusmiddelen en brandbestrijdingsmiddelen; Hardings- en soldeerpreparaten voor metalen; Stoffen voor het looien van dierenhuiden en dierenvellen; Kleefstoffen voor industri\u00eble doeleinden; Stopverf en andere vulmiddelen in de vorm van pasta; Compost en meststoffen; Biologische preparaten voor gebruik in de industrie en de wetenschap<\/td><\/tr><tr><td><a href=\"https:\/\/euipo.europa.eu\/ec2\/static\/html\/explanatory-notes-nl.html?anchor=niceclass2\">2<\/a><\/td><td>Verven, vernissen, lakken; Roestwerende middelen en houtconserveringsmiddelen; Kleurstoffen, verfstoffen; Inkten voor het drukken, markeren en graveren; Natuurlijke harsen als grondstof; Metalen in blad- en poedervorm voor gebruik bij het schilderen, decoreren, drukken en voor kunst<\/td><\/tr><tr><td><a href=\"https:\/\/euipo.europa.eu\/ec2\/static\/html\/explanatory-notes-nl.html?anchor=niceclass3\">3<\/a><\/td><td>Niet-medicinale cosmetica en toiletpreparaten; Niet-medicinale tandpasta; Parfum, etherische oli\u00ebn; Bleekmiddelen en andere wasmiddelen; Reinigings-, polijst- en schuurmiddelen<\/td><\/tr><tr><td><a href=\"https:\/\/euipo.europa.eu\/ec2\/static\/html\/explanatory-notes-nl.html?anchor=niceclass4\">4<\/a><\/td><td>Industri\u00eble oli\u00ebn en vetten, was; Smeermiddelen; Producten voor het absorberen, besproeien en binden van stof; Brandstoffen en verlichtingsstoffen; Kaarsen, lampenpitten<\/td><\/tr><tr><td><a href=\"https:\/\/euipo.europa.eu\/ec2\/static\/html\/explanatory-notes-nl.html?anchor=niceclass5\">5<\/a><\/td><td>Farmaceutische, medische en diergeneeskundige preparaten; Hygi\u00ebnische producten voor medisch gebruik; Di\u00ebtische voedingsmiddelen en di\u00ebtische substanties voor medisch of veterinair gebruik, voedingsmiddelen voor baby&#8217;s; Voedingssupplementen voor mens en dier; Pleisters, verbandmiddelen; Tandvulmiddelen en afdrukmateriaal voor tandartsen; Ontsmettingsmiddelen; Middelen ter verdelging van ongedierte; Schimmeldodende en onkruidverdelgende middelen<\/td><\/tr><tr><td><a href=\"https:\/\/euipo.europa.eu\/ec2\/static\/html\/explanatory-notes-nl.html?anchor=niceclass6\">6<\/a><\/td><td>Onedele metalen en hun legeringen, ertsen; Metalen materialen voor bouw en constructie; Verplaatsbare constructies van metaal; Niet-elektrische metalen kabels en draden; Kleinijzerwaren; Metalen containers voor opslag of transport; Brandkasten<\/td><\/tr><tr><td><a href=\"https:\/\/euipo.europa.eu\/ec2\/static\/html\/explanatory-notes-nl.html?anchor=niceclass7\">7<\/a><\/td><td>Machines, werktuigmachines en aangedreven gereedschappen; Motoren, uitgezonderd voor landvoertuigen; Koppelingen en transmissie-organen, uitgezonderd voor landvoertuigen; Landbouwinstrumenten, anders dan handbediende handgereedschappen; Broedmachines; Verkoopautomaten<\/td><\/tr><tr><td><a href=\"https:\/\/euipo.europa.eu\/ec2\/static\/html\/explanatory-notes-nl.html?anchor=niceclass8\">8<\/a><\/td><td>Handgereedschappen en -instrumenten, met de hand te bedienen; Messenmakerswaren, vorken en lepels; Blanke wapens, uitgezonderd vuurwapens; Scheerapparaten<\/td><\/tr><tr><td><a href=\"https:\/\/euipo.europa.eu\/ec2\/static\/html\/explanatory-notes-nl.html?anchor=niceclass9\">9<\/a><\/td><td>Wetenschappelijke, onderzoeks-, navigatie-, landmeetkundige, fotografische, cinematografische, audiovisuele, optische, weeg-, meet-, sein-, detectie-, test-, inspectie-, reddings- en onderwijsapparaten en instrumenten; Apparaten en instrumenten voor de geleiding, de verdeling, de omzetting, de opslag, het regelen of het sturen van de distributie of het gebruik van elektrische stroom; Apparaten en instrumenten voor het opnemen, het overbrengen, het weergeven en het bewerken van geluid, beeld of gegevens; Opgenomen en downloadbare media, computersoftware, lege digitale of analoge opname- en opslagmedia; Mechanismen voor apparaten met vooruitbetaling; Kasregisters, rekenmachines; Computers en computerrandapparatuur; Duikpakken, duikmaskers, oordopjes voor duikers, neusclips voor duikers en zwemmers, handschoenen voor duikers, ademhalingsapparatuur voor onder water zwemmen; Brandblusapparaten<\/td><\/tr><tr><td><a href=\"https:\/\/euipo.europa.eu\/ec2\/static\/html\/explanatory-notes-nl.html?anchor=niceclass10\">10<\/a><\/td><td>Chirurgische, medische, tandheelkundige en diergeneeskundige toestellen en instrumenten; Kunstledematen, -ogen en -tanden; Orthopedische artikelen; Hechtmateriaal; Therapeutische en ondersteunende instrumenten aangepast voor personen met een handicap; Massage-apparaten; Apparaten, instrumenten en artikelen voor het verzorgen van zuigelingen; Apparaten, instrumenten en artikelen voor seksuele activiteiten<\/td><\/tr><tr><td><a href=\"https:\/\/euipo.europa.eu\/ec2\/static\/html\/explanatory-notes-nl.html?anchor=niceclass11\">11<\/a><\/td><td>Verlichtings-, verwarmings-, stoomopwekkings-, kook-, koel-, droog-, ventilatie- en waterleidingsapparaten en sanitaire installaties<\/td><\/tr><tr><td><a href=\"https:\/\/euipo.europa.eu\/ec2\/static\/html\/explanatory-notes-nl.html?anchor=niceclass12\">12<\/a><\/td><td>Vervoermiddelen; Middelen voor vervoer over land, door de lucht of over het water<\/td><\/tr><tr><td><a href=\"https:\/\/euipo.europa.eu\/ec2\/static\/html\/explanatory-notes-nl.html?anchor=niceclass13\">13<\/a><\/td><td>Vuurwapens; Munitie en projectielen; Springstoffen; Vuurwerk<\/td><\/tr><tr><td><a href=\"https:\/\/euipo.europa.eu\/ec2\/static\/html\/explanatory-notes-nl.html?anchor=niceclass14\">14<\/a><\/td><td>Edele metalen en hun legeringen; Juwelen, bijouterie\u00ebn, edelstenen en halfedelstenen; Uurwerken en tijdmeetinstrumenten<\/td><\/tr><tr><td><a href=\"https:\/\/euipo.europa.eu\/ec2\/static\/html\/explanatory-notes-nl.html?anchor=niceclass15\">15<\/a><\/td><td>Muziekinstrumenten; Muziekstandaards en standaards voor muziekinstrumenten; Dirigeerstokken<\/td><\/tr><tr><td><a href=\"https:\/\/euipo.europa.eu\/ec2\/static\/html\/explanatory-notes-nl.html?anchor=niceclass16\">16<\/a><\/td><td>Papier en karton; Drukwerken; Boekbinderswaren; Foto&#8217;s; Schrijfbehoeften en kantoorartikelen, uitgezonderd meubelen; Kleefstoffen voor kantoorgebruik of voor de huishouding; Tekenmateriaal en materiaal voor kunstenaars; Penselen; Leermiddelen en onderwijsmateriaal; Plastic vellen, folie en zakken voor het inpakken en verpakken; Clich\u00e9s<\/td><\/tr><tr><td><a href=\"https:\/\/euipo.europa.eu\/ec2\/static\/html\/explanatory-notes-nl.html?anchor=niceclass17\">17<\/a><\/td><td>Onbewerkt en halfbewerkt rubber, guttapercha, gummi, asbest, mica en vervangingsmiddelen voor al deze materialen; Ge\u00ebxtrudeerde plastics en harsen voor gebruik bij de fabricage; Dichtings-, pakking- en isolatiemateriaal; Buigzame pijpen, buizen en slangen, niet van metaal<\/td><\/tr><tr><td><a href=\"https:\/\/euipo.europa.eu\/ec2\/static\/html\/explanatory-notes-nl.html?anchor=niceclass18\">18<\/a><\/td><td>Leder en kunstleder; Dierenvellen en -huiden; Reiskoffers en draagtassen; Paraplu&#8217;s en parasols; Wandelstokken; Zwepen, tuig en zadelmakerswaren; Halsbanden, leibanden en kleding voor dieren<\/td><\/tr><tr><td><a href=\"https:\/\/euipo.europa.eu\/ec2\/static\/html\/explanatory-notes-nl.html?anchor=niceclass19\">19<\/a><\/td><td>Materialen, niet van metaal, voor de bouw en constructie; Onbuigzame buizen, niet van metaal, voor de bouw; Asfalt, pek, teer en bitumen; Verplaatsbare constructies, niet van metaal; Monumenten, niet van metaal<\/td><\/tr><tr><td><a href=\"https:\/\/euipo.europa.eu\/ec2\/static\/html\/explanatory-notes-nl.html?anchor=niceclass20\">20<\/a><\/td><td>Meubelen, spiegels, lijsten; Containers, niet van metaal, voor opslag of transport; Onbewerkt of halfbewerkt been, hoorn, balein of parelmoer; Schelpen; Meerschuim; Barnsteen<\/td><\/tr><tr><td><a href=\"https:\/\/euipo.europa.eu\/ec2\/static\/html\/explanatory-notes-nl.html?anchor=niceclass21\">21<\/a><\/td><td>Gerei en vaatwerk voor de huishouding of de keuken; Keuken- en tafelgerei, behalve vorken, messen en lepels; Kammen en sponzen; Borstels (uitgezonderd penselen); Materialen voor de borstelfabricage; Reinigingsmateriaal; Onbewerkt of halfbewerkt glas, uitgezonderd glas voor bouwdoeleinden; Glas-, porselein- en aardewerk<\/td><\/tr><tr><td><a href=\"https:\/\/euipo.europa.eu\/ec2\/static\/html\/explanatory-notes-nl.html?anchor=niceclass22\">22<\/a><\/td><td>Touw en bindgarens; Netten; Tenten en dekzeilen; Markiezen van textiel of synthetische materialen; Zeilen; Zakken voor het transport of de opslag van bulkgoederen; Opvulmateriaal, uitgezonderd van papier, karton, rubber of plastic; Ruwe vezelige textielmaterialen en vervangingsmaterialen daarvoor<\/td><\/tr><tr><td><a href=\"https:\/\/euipo.europa.eu\/ec2\/static\/html\/explanatory-notes-nl.html?anchor=niceclass23\">23<\/a><\/td><td>Garens en draden voor textielgebruik<\/td><\/tr><tr><td><a href=\"https:\/\/euipo.europa.eu\/ec2\/static\/html\/explanatory-notes-nl.html?anchor=niceclass24\">24<\/a><\/td><td>Textiel en vervangingsmiddelen voor textiel; Linnengoed; Gordijnen van textiel of van plastic<\/td><\/tr><tr><td><a href=\"https:\/\/euipo.europa.eu\/ec2\/static\/html\/explanatory-notes-nl.html?anchor=niceclass25\">25<\/a><\/td><td>Kledingstukken, schoeisel, hoofddeksels<\/td><\/tr><tr><td><a href=\"https:\/\/euipo.europa.eu\/ec2\/static\/html\/explanatory-notes-nl.html?anchor=niceclass26\">26<\/a><\/td><td>Kant, boordsel en borduurwerk, band en strikken als versierselen; Knopen, haken en ogen, spelden en naalden; Kunstbloemen; Haarversiersels; Vals haar<\/td><\/tr><tr><td><a href=\"https:\/\/euipo.europa.eu\/ec2\/static\/html\/explanatory-notes-nl.html?anchor=niceclass27\">27<\/a><\/td><td>Tapijten, vloermatten, matten, linoleum en andere vloerbedekking; Wandbekleding, niet van textiel<\/td><\/tr><tr><td><a href=\"https:\/\/euipo.europa.eu\/ec2\/static\/html\/explanatory-notes-nl.html?anchor=niceclass28\">28<\/a><\/td><td>Spellen, speelgoed en speeltuig; Videospelapparaten; Gymnastiek- en sportartikelen; Versierselen voor kerstbomen<\/td><\/tr><tr><td><a href=\"https:\/\/euipo.europa.eu\/ec2\/static\/html\/explanatory-notes-nl.html?anchor=niceclass29\">29<\/a><\/td><td>Vlees, vis, gevogelte en wild; Vleesextracten; Geconserveerde, bevroren, gedroogde en gekookte vruchten en groenten; Geleien, jams, compote; Eieren; Melk, kaas, boter, yoghurt en andere melkproducten; Oli\u00ebn en vetten voor voedingsdoeleinden<\/td><\/tr><tr><td><a href=\"https:\/\/euipo.europa.eu\/ec2\/static\/html\/explanatory-notes-nl.html?anchor=niceclass30\">30<\/a><\/td><td>Koffie, thee, cacao en vervangingsmiddelen daarvoor; Rijst, pasta&#8217;s en noedels; Tapioca en sago; Meel- en graanpreparaten; Brood, banketbakkers- en suikerbakkerswaren; Chocolade; Consumptie-ijs, sorbets en ander eetbare ijs; Suiker, honing, melassestroop; Gist, rijsmiddelen; Zout, kruiderijen, specerijen, geconserveerde kruiden; Azijn, kruidensausen, en andere specerijen; IJs [bevroren water]<\/td><\/tr><tr><td><a href=\"https:\/\/euipo.europa.eu\/ec2\/static\/html\/explanatory-notes-nl.html?anchor=niceclass31\">31<\/a><\/td><td>Niet-bereide en onbewerkte land-, aqua-, tuin- en bosbouwproducten; Niet-bereide en onbewerkte granen en zaden; Verse vruchten, groenten en kruiden; Natuurlijke planten en bloemen; Bloembollen, zaailingen en zaden om te planten; Levende dieren; Voedingsmiddelen en dranken voor dieren; Mout<\/td><\/tr><tr><td><a href=\"https:\/\/euipo.europa.eu\/ec2\/static\/html\/explanatory-notes-nl.html?anchor=niceclass32\">32<\/a><\/td><td>Bieren; Niet-alcoholische dranken; Minerale en gazeuse wateren; Vruchtendranken en vruchtensappen; Siropen en andere preparaten voor de bereiding van niet-alcoholische dranken<\/td><\/tr><tr><td><a href=\"https:\/\/euipo.europa.eu\/ec2\/static\/html\/explanatory-notes-nl.html?anchor=niceclass33\">33<\/a><\/td><td>Alcoholische dranken, uitgezonderd bier; Alcoholhoudende preparaten voor de bereiding van dranken<\/td><\/tr><tr><td><a href=\"https:\/\/euipo.europa.eu\/ec2\/static\/html\/explanatory-notes-nl.html?anchor=niceclass34\">34<\/a><\/td><td>Tabak en vervangingsmiddelen voor tabak; Sigaretten en sigaren; Elektronische sigaretten en orale verstuivers voor rokers; Artikelen voor rokers; Lucifers<\/td><\/tr><tr><td><a href=\"https:\/\/euipo.europa.eu\/ec2\/static\/html\/explanatory-notes-nl.html?anchor=niceclass35\">35<\/a><\/td><td>Reclame; Beheer, organisatie en administratie van commerci\u00eble zaken; Administratieve diensten<\/td><\/tr><tr><td><a href=\"https:\/\/euipo.europa.eu\/ec2\/static\/html\/explanatory-notes-nl.html?anchor=niceclass36\">36<\/a><\/td><td>Financi\u00eble zaken, monetaire diensten en bankzaken; Verzekeringsdiensten; Diensten op het gebied van onroerend goed<\/td><\/tr><tr><td><a href=\"https:\/\/euipo.europa.eu\/ec2\/static\/html\/explanatory-notes-nl.html?anchor=niceclass37\">37<\/a><\/td><td>Bouwdiensten; Installatie- en reparatiediensten; Mijnbouw-, olie- en gaswinning<\/td><\/tr><tr><td><a href=\"https:\/\/euipo.europa.eu\/ec2\/static\/html\/explanatory-notes-nl.html?anchor=niceclass38\">38<\/a><\/td><td>Telecommunicatiediensten<\/td><\/tr><tr><td><a href=\"https:\/\/euipo.europa.eu\/ec2\/static\/html\/explanatory-notes-nl.html?anchor=niceclass39\">39<\/a><\/td><td>Transport; Verpakking en opslag van goederen; Organisatie van reizen<\/td><\/tr><tr><td><a href=\"https:\/\/euipo.europa.eu\/ec2\/static\/html\/explanatory-notes-nl.html?anchor=niceclass40\">40<\/a><\/td><td>Behandeling van materialen; Recycleren van afval en vuilnis; Luchtzuivering en behandeling van water; Drukkerijdiensten; Conserveren van voedsel en dranken<\/td><\/tr><tr><td><a href=\"https:\/\/euipo.europa.eu\/ec2\/static\/html\/explanatory-notes-nl.html?anchor=niceclass41\">41<\/a><\/td><td>Opvoeding; Opleiding; Ontspanning; Sportieve en culturele activiteiten<\/td><\/tr><tr><td><a href=\"https:\/\/euipo.europa.eu\/ec2\/static\/html\/explanatory-notes-nl.html?anchor=niceclass42\">42<\/a><\/td><td>Wetenschappelijke en technologische diensten, evenals bijbehorende onderzoeks- en ontwerpdiensten; Industri\u00eble analyse, industrieel onderzoek en industrieel ontwerp; Kwaliteitscontrole en authenticatiediensten; Ontwerpen en ontwikkelen van computers en van software<\/td><\/tr><tr><td><a href=\"https:\/\/euipo.europa.eu\/ec2\/static\/html\/explanatory-notes-nl.html?anchor=niceclass43\">43<\/a><\/td><td>Restauratie (het verstrekken van voedsel en dranken); Tijdelijke huisvesting<\/td><\/tr><tr><td><a href=\"https:\/\/euipo.europa.eu\/ec2\/static\/html\/explanatory-notes-nl.html?anchor=niceclass44\">44<\/a><\/td><td>Medische diensten; Veterinaire diensten; Dienstverlening op het gebied van hygi\u00ebne en schoonheidsverzorging voor mensen of dieren; Dienstverlening op het gebied van landbouw, aquacultuur, tuinbouw en bosbouw<\/td><\/tr><tr><td><a href=\"https:\/\/euipo.europa.eu\/ec2\/static\/html\/explanatory-notes-nl.html?anchor=niceclass45\">45<\/a><\/td><td>Juridische diensten; Veiligheidsdiensten voor de fysieke bescherming van tastbare goederen en van personen; Ontmoetingsdiensten, online sociale netwerkdiensten; Begrafenisondernemingen; Babysitten<\/td><\/tr><\/tbody><\/table><\/figure>\n\n\n\n<p><\/p>\n","protected":false},"excerpt":{"rendered":"<p>De Nice-klasse-indeling beschrijft de termen van de goederen en diensten in elk van de 34 goederenklassen en 11 dienstenklassen. 1 Chemische producten voor industri\u00eble, wetenschappelijke en fotografische doeleinden, alsmede voor land-, tuin- en bosbouwkundige doeleinden; Kunstharsen als grondstof, plastics als grondstof; Brandblusmiddelen en brandbestrijdingsmiddelen; Hardings- en soldeerpreparaten voor metalen; Stoffen voor het looien van dierenhuiden [&hellip;]<\/p>\n","protected":false},"author":3,"featured_media":0,"parent":0,"menu_order":0,"comment_status":"closed","ping_status":"closed","template":"template-fullwidth.php","meta":{"_seopress_robots_primary_cat":"","_seopress_titles_title":"","_seopress_titles_desc":"","_seopress_robots_index":"","site-sidebar-layout":"default","site-content-layout":"","ast-site-content-layout":"default","site-content-style":"default","site-sidebar-style":"default","ast-global-header-display":"","ast-banner-title-visibility":"","ast-main-header-display":"","ast-hfb-above-header-display":"","ast-hfb-below-header-display":"","ast-hfb-mobile-header-display":"","site-post-title":"","ast-breadcrumbs-content":"","ast-featured-img":"","footer-sml-layout":"","ast-disable-related-posts":"","theme-transparent-header-meta":"","adv-header-id-meta":"","stick-header-meta":"","header-above-stick-meta":"","header-main-stick-meta":"","header-below-stick-meta":"","astra-migrate-meta-layouts":"default","ast-page-background-enabled":"default","ast-page-background-meta":{"desktop":{"background-color":"var(--ast-global-color-4)","background-image":"","background-repeat":"repeat","background-position":"center center","background-size":"auto","background-attachment":"scroll","background-type":"","background-media":"","overlay-type":"","overlay-color":"","overlay-opacity":"","overlay-gradient":""},"tablet":{"background-color":"","background-image":"","background-repeat":"repeat","background-position":"center center","background-size":"auto","background-attachment":"scroll","background-type":"","background-media":"","overlay-type":"","overlay-color":"","overlay-opacity":"","overlay-gradient":""},"mobile":{"background-color":"","background-image":"","background-repeat":"repeat","background-position":"center center","background-size":"auto","background-attachment":"scroll","background-type":"","background-media":"","overlay-type":"","overlay-color":"","overlay-opacity":"","overlay-gradient":""}},"ast-content-background-meta":{"desktop":{"background-color":"var(--ast-global-color-5)","background-image":"","background-repeat":"repeat","background-position":"center center","background-size":"auto","background-attachment":"scroll","background-type":"","background-media":"","overlay-type":"","overlay-color":"","overlay-opacity":"","overlay-gradient":""},"tablet":{"background-color":"var(--ast-global-color-5)","background-image":"","background-repeat":"repeat","background-position":"center center","background-size":"auto","background-attachment":"scroll","background-type":"","background-media":"","overlay-type":"","overlay-color":"","overlay-opacity":"","overlay-gradient":""},"mobile":{"background-color":"var(--ast-global-color-5)","background-image":"","background-repeat":"repeat","background-position":"center center","background-size":"auto","background-attachment":"scroll","background-type":"","background-media":"","overlay-type":"","overlay-color":"","overlay-opacity":"","overlay-gradient":""}},"footnotes":""},"class_list":["post-87719","page","type-page","status-publish","hentry"],"_links":{"self":[{"href":"https:\/\/www.i24.nl\/nl\/wp-json\/wp\/v2\/pages\/87719","targetHints":{"allow":["GET"]}}],"collection":[{"href":"https:\/\/www.i24.nl\/nl\/wp-json\/wp\/v2\/pages"}],"about":[{"href":"https:\/\/www.i24.nl\/nl\/wp-json\/wp\/v2\/types\/page"}],"author":[{"embeddable":true,"href":"https:\/\/www.i24.nl\/nl\/wp-json\/wp\/v2\/users\/3"}],"replies":[{"embeddable":true,"href":"https:\/\/www.i24.nl\/nl\/wp-json\/wp\/v2\/comments?post=87719"}],"version-history":[{"count":0,"href":"https:\/\/www.i24.nl\/nl\/wp-json\/wp\/v2\/pages\/87719\/revisions"}],"wp:attachment":[{"href":"https:\/\/www.i24.nl\/nl\/wp-json\/wp\/v2\/media?parent=87719"}],"curies":[{"name":"wp","href":"https:\/\/api.w.org\/{rel}","templated":true}]}}